{"id":2,"date":"2016-09-26T14:20:24","date_gmt":"2016-09-26T12:20:24","guid":{"rendered":"http:\/\/hotel-gruszczyn.pl\/new\/?page_id=2"},"modified":"2026-04-14T16:59:52","modified_gmt":"2026-04-14T14:59:52","slug":"przykladowa-strona","status":"publish","type":"page","link":"https:\/\/lwdomkipowidz.pl\/","title":{"rendered":"Home"},"content":{"rendered":"\n<p style=\"text-align: center;\"><span style=\"color: #ff0000;\"><strong>Aktualizacja<\/strong><\/span> 14.04.2026.r<\/p>\n<p style=\"text-align: center;\">Weekend Bo\u017ce Cia\u0142o\u00a0 od 4 do 7.06 w cenie 380z\u0142 doba wolny 1 domek<\/p>\n<p style=\"text-align: center;\">Weekend Majowy od 1 do 3.05 w cenie 380z\u0142 doba wolne 2 domki<\/p>\n<p style=\"text-align: center;\">Wolne terminy 2026\u00a0<\/p>\n<table style=\"border-collapse: collapse; width: 100%; height: 174px;\">\n<tbody>\n<tr style=\"height: 25px;\">\n<td style=\"width: 33.3333%; height: 25px;\"><strong>Czerwiec<\/strong><\/td>\n<td style=\"width: 33.3333%; height: 25px;\"><strong>Lipiec<\/strong><\/td>\n<td style=\"width: 33.3333%; height: 25px;\"><b>Sierpie\u0144<\/b><\/td>\n<\/tr>\n<tr style=\"height: 25px;\">\n<td style=\"width: 33.3333%; height: 25px;\">4 do 7 W1<\/td>\n<td style=\"width: 33.3333%; height: 25px;\">27 do 4 N4<\/td>\n<td style=\"width: 33.3333%; height: 25px;\">1 do 8 W2<\/td>\n<\/tr>\n<tr style=\"height: 25px;\">\n<td style=\"width: 33.3333%; height: 25px;\">7 do 13 P3<\/td>\n<td style=\"width: 33.3333%; height: 25px;\">4 do 11 W1<\/td>\n<td style=\"width: 33.3333%; height: 25px;\">8 do 15 W3<\/td>\n<\/tr>\n<tr style=\"height: 25px;\">\n<td style=\"width: 33.3333%; height: 25px;\">11 do 14 W1<\/td>\n<td style=\"width: 33.3333%; height: 25px;\"><del>11 do 18 W<\/del><\/td>\n<td style=\"width: 33.3333%; height: 25px;\">15 do 22 W4<\/td>\n<\/tr>\n<tr style=\"height: 25px;\">\n<td style=\"width: 33.3333%; height: 25px;\">13 do 20 P4<\/td>\n<td style=\"width: 33.3333%; height: 25px;\">18 do 25 W1<\/td>\n<td style=\"width: 33.3333%; height: 25px;\">22 do 29 N3<\/td>\n<\/tr>\n<tr style=\"height: 25px;\">\n<td style=\"width: 33.3333%; height: 26px;\">20 do 27 P4<\/td>\n<td style=\"width: 33.3333%; height: 26px;\">25 do 1 W2<\/td>\n<td style=\"width: 33.3333%; height: 26px;\">\u00a0<\/td>\n<\/tr>\n<tr style=\"height: 23px;\">\n<td style=\"width: 33.3333%; height: 23px;\">\u00a0<\/td>\n<td style=\"width: 33.3333%; height: 23px;\">\u00a0<\/td>\n<td style=\"width: 33.3333%; height: 23px;\">\u00a0<\/td>\n<\/tr>\n<\/tbody>\n<\/table>\n<ul>\n<li style=\"text-align: left;\">P &#8211; poza sezonem 300z\u0142\u00a0<\/li>\n<li style=\"text-align: left;\">N &#8211; sezon niski\u00a0 350z\u0142\u00a0<\/li>\n<li style=\"text-align: left;\">W &#8211; sezon wysoki 380z\u0142\u00a0<\/li>\n<li style=\"text-align: left;\">Cyfra oznacza liczb\u0119 wolnych domk\u00f3w<\/li>\n<\/ul>\n\n\n\n<p class=\"has-text-align-center\">Zapraszamy do skorzystania z oferty wynajmu domk\u00f3w letniskowych w Powidzu nad najczystszym jeziorem w Wielkopolsce \u2013 Powidzkim. Du\u017ce jezioro jest du\u017c\u0105 atrakcj\u0105 dla mi\u0142o\u015bnik\u00f3w sport\u00f3w wodnych. Dooko\u0142a jest wiele pi\u0119knych widok\u00f3w \u2013 szczeg\u00f3lnie wzd\u0142u\u017c promenady z Przybrodzina w kierunku Powidza. Miejsce idealne na wypoczynek razem z dzie\u0107mi.<\/p>\n\n\n\n<p class=\"has-text-align-center\">Zapraszamy do rezerwacji w sezonie letnim i zimowym.<\/p>\n","protected":false},"excerpt":{"rendered":"<p>Aktualizacja 14.04.2026.r Weekend Bo\u017ce Cia\u0142o\u00a0 od 4 do 7.06 w cenie 380z\u0142 doba wolny 1&#8230;<\/p>\n","protected":false},"author":1,"featured_media":0,"parent":0,"menu_order":0,"comment_status":"closed","ping_status":"closed","template":"","meta":{"_acf_changed":false,"footnotes":""},"class_list":["post-2","page","type-page","status-publish","hentry"],"acf":[],"_links":{"self":[{"href":"https:\/\/lwdomkipowidz.pl\/index.php?rest_route=\/wp\/v2\/pages\/2","targetHints":{"allow":["GET"]}}],"collection":[{"href":"https:\/\/lwdomkipowidz.pl\/index.php?rest_route=\/wp\/v2\/pages"}],"about":[{"href":"https:\/\/lwdomkipowidz.pl\/index.php?rest_route=\/wp\/v2\/types\/page"}],"author":[{"embeddable":true,"href":"https:\/\/lwdomkipowidz.pl\/index.php?rest_route=\/wp\/v2\/users\/1"}],"replies":[{"embeddable":true,"href":"https:\/\/lwdomkipowidz.pl\/index.php?rest_route=%2Fwp%2Fv2%2Fcomments&post=2"}],"version-history":[{"count":316,"href":"https:\/\/lwdomkipowidz.pl\/index.php?rest_route=\/wp\/v2\/pages\/2\/revisions"}],"predecessor-version":[{"id":2196,"href":"https:\/\/lwdomkipowidz.pl\/index.php?rest_route=\/wp\/v2\/pages\/2\/revisions\/2196"}],"wp:attachment":[{"href":"https:\/\/lwdomkipowidz.pl\/index.php?rest_route=%2Fwp%2Fv2%2Fmedia&parent=2"}],"curies":[{"name":"wp","href":"https:\/\/api.w.org\/{rel}","templated":true}]}}